{"id":2,"date":"2025-12-27T16:07:26","date_gmt":"2025-12-27T16:07:26","guid":{"rendered":"https:\/\/medencetervezo.hu\/?page_id=2"},"modified":"2025-12-28T17:23:46","modified_gmt":"2025-12-28T17:23:46","slug":"sample-page","status":"publish","type":"page","link":"https:\/\/medencetervezo.hu\/","title":{"rendered":"F\u0151oldal"},"content":{"rendered":"<p>[et_pb_section fb_built=&#8221;1&#8243; admin_label=&#8221;section&#8221; _builder_version=&#8221;4.27.5&#8243; background_video_mp4=&#8221;https:\/\/medencetervezo.hu\/wp-content\/uploads\/2025\/12\/medencetervezo-hero.mp4&#8243; min_height=&#8221;835.1px&#8221; custom_padding=&#8221;||4px|||&#8221; hover_enabled=&#8221;0&#8243; background_last_edited=&#8221;on|phone&#8221; background_image_phone=&#8221;https:\/\/medencetervezo.hu\/wp-content\/uploads\/2025\/12\/medencetervezo-hero-img.jpg&#8221; background_enable_image_phone=&#8221;on&#8221; background_enable_video_mp4_phone=&#8221;off&#8221; global_colors_info=&#8221;{}&#8221; sticky_enabled=&#8221;0&#8243; min_height_last_edited=&#8221;on|tablet&#8221; min_height_tablet=&#8221;565px&#8221; min_height_phone=&#8221;565px&#8221;][et_pb_row _builder_version=&#8221;4.27.5&#8243; _module_preset=&#8221;default&#8221; custom_padding=&#8221;0px||||false|false&#8221; hover_enabled=&#8221;0&#8243; sticky_enabled=&#8221;0&#8243;][et_pb_column _builder_version=&#8221;4.27.5&#8243; _module_preset=&#8221;default&#8221; type=&#8221;4_4&#8243;][et_pb_menu _builder_version=&#8221;4.27.5&#8243; _module_preset=&#8221;default&#8221; hover_enabled=&#8221;0&#8243; sticky_enabled=&#8221;0&#8243; background_color=&#8221;RGBA(255,255,255,0)&#8221; menu_text_color=&#8221;#d8d8d8&#8243; active_link_color=&#8221;#FFFFFF&#8221; menu_font=&#8221;|600||on|||||&#8221; menu_font_size=&#8221;18px&#8221;][\/et_pb_menu][\/et_pb_column][\/et_pb_row][et_pb_row admin_label=&#8221;row&#8221; _builder_version=&#8221;4.27.5&#8243; background_size=&#8221;initial&#8221; background_position=&#8221;top_left&#8221; background_repeat=&#8221;repeat&#8221; width_tablet=&#8221;&#8221; width_phone=&#8221;89%&#8221; width_last_edited=&#8221;on|phone&#8221; hover_enabled=&#8221;0&#8243; global_colors_info=&#8221;{}&#8221; custom_padding=&#8221;60px||||false|false&#8221; sticky_enabled=&#8221;0&#8243;][et_pb_column type=&#8221;4_4&#8243; _builder_version=&#8221;4.16&#8243; custom_padding=&#8221;|||&#8221; global_colors_info=&#8221;{}&#8221; custom_padding__hover=&#8221;|||&#8221;][et_pb_text content_tablet=&#8221;<\/p>\n<h1>TE MEG\u00c1LMODOD A T\u00d6K\u00c9LETES MEDENC\u00c9T.<\/h1>\n<h2>MI VAL\u00d3RA V\u00c1LTJUK.<\/h2>\n<p>\u00a0<\/p>\n<p>&#8221; content_phone=&#8221;<\/p>\n<h1>TE MEG\u00c1LMODOD<br \/>A T\u00d6K\u00c9LETES<br \/>MEDENC\u00c9T.<\/h1>\n<h2>MI VAL\u00d3RA V\u00c1LTJUK.<\/h2>\n<p>\u00a0<\/p>\n<p>&#8221; content_last_edited=&#8221;on|phone&#8221; admin_label=&#8221;Text&#8221; _builder_version=&#8221;4.27.5&#8243; header_font=&#8221;Barlow Semi Condensed|500|||||||&#8221; header_text_align=&#8221;left&#8221; header_text_color=&#8221;#FFFFFF&#8221; header_font_size=&#8221;62px&#8221; header_letter_spacing=&#8221;2px&#8221; header_line_height=&#8221;1.2em&#8221; header_2_font=&#8221;Barlow Semi Condensed|300|||||||&#8221; header_2_text_color=&#8221;#FFFFFF&#8221; header_2_font_size=&#8221;45px&#8221; header_2_letter_spacing=&#8221;1px&#8221; background_size=&#8221;initial&#8221; background_position=&#8221;top_left&#8221; background_repeat=&#8221;repeat&#8221; width=&#8221;60%&#8221; module_alignment=&#8221;left&#8221; hover_enabled=&#8221;0&#8243; header_font_size_tablet=&#8221;64px&#8221; header_font_size_phone=&#8221;30px&#8221; header_font_size_last_edited=&#8221;on|phone&#8221; header_letter_spacing_tablet=&#8221;2px&#8221; header_letter_spacing_phone=&#8221;0px&#8221; header_letter_spacing_last_edited=&#8221;on|phone&#8221; header_2_font_size_tablet=&#8221;45px&#8221; header_2_font_size_phone=&#8221;28px&#8221; header_2_font_size_last_edited=&#8221;on|phone&#8221; global_colors_info=&#8221;{}&#8221; sticky_enabled=&#8221;0&#8243;]<\/p>\n<h1>TE MEG\u00c1LMODOD A T\u00d6K\u00c9LETES MEDENC\u00c9T.<\/h1>\n<h2>MI VAL\u00d3RA V\u00c1LTJUK.<\/h2>\n<p>&nbsp;<\/p>\n<p>[\/et_pb_text][et_pb_text _builder_version=&#8221;4.27.5&#8243; _module_preset=&#8221;default&#8221; text_text_color=&#8221;#FFFFFF&#8221; text_font=&#8221;Barlow Semi Condensed||||||||&#8221; text_font_size=&#8221;21px&#8221; text_line_height=&#8221;1.6em&#8221; hover_enabled=&#8221;0&#8243; sticky_enabled=&#8221;0&#8243; width=&#8221;59%&#8221;]<\/p>\n<p>Tervezd meg saj\u00e1t 3D medenc\u00e9d p\u00e1r perc alatt! Online konfigur\u00e1torunkkal kiv\u00e1laszthatod a form\u00e1t, burkolatot \u00e9s extr\u00e1kat, majd k\u00e9rhetsz aj\u00e1nlatot.<\/p>\n<p>[\/et_pb_text][et_pb_button button_text=&#8221;Tervezd meg \u00e1lmaid medenc\u00e9j\u00e9t&#8221; _builder_version=&#8221;4.27.5&#8243; _module_preset=&#8221;default&#8221; hover_enabled=&#8221;0&#8243; sticky_enabled=&#8221;0&#8243; custom_button=&#8221;on&#8221; button_text_color=&#8221;#FFFFFF&#8221; button_bg_color=&#8221;#0C71C3&#8243; button_bg_enable_color=&#8221;on&#8221; button_border_radius=&#8221;20px&#8221; button_border_width=&#8221;0px&#8221; button_font=&#8221;Barlow Semi Condensed||||||||&#8221; button_icon=&#8221;&#xe0ee;||divi||400&#8243; button_on_hover=&#8221;off&#8221; box_shadow_style=&#8221;preset1&#8243; custom_padding=&#8221;7px|41px|9px|18px|false|false&#8221; button_url=&#8221;https:\/\/medencetervezo.hu\/medence-tervezo&#8221;][\/et_pb_button][\/et_pb_column][\/et_pb_row][\/et_pb_section][et_pb_section fb_built=&#8221;1&#8243; theme_builder_area=&#8221;post_content&#8221; _builder_version=&#8221;4.27.5&#8243; _module_preset=&#8221;default&#8221; background_color=&#8221;#212529&#8243; hover_enabled=&#8221;0&#8243; sticky_enabled=&#8221;0&#8243;][et_pb_row _builder_version=&#8221;4.27.5&#8243; _module_preset=&#8221;default&#8221; theme_builder_area=&#8221;post_content&#8221;][et_pb_column _builder_version=&#8221;4.27.5&#8243; _module_preset=&#8221;default&#8221; type=&#8221;4_4&#8243; theme_builder_area=&#8221;post_content&#8221;][et_pb_text _builder_version=&#8221;4.27.5&#8243; _module_preset=&#8221;default&#8221; theme_builder_area=&#8221;post_content&#8221; hover_enabled=&#8221;0&#8243; sticky_enabled=&#8221;0&#8243;]<\/p>\n<p>Your content goes here. Edit or remove this text inline or in the module Content settings. You can also style every aspect of this content in the module Design settings and even apply custom CSS to this text in the module Advanced settings.<\/p>\n<p>[\/et_pb_text][\/et_pb_column][\/et_pb_row][\/et_pb_section]<\/p>\n","protected":false},"excerpt":{"rendered":"<p>TE MEG\u00c1LMODOD A T\u00d6K\u00c9LETES MEDENC\u00c9T. MI VAL\u00d3RA V\u00c1LTJUK. &nbsp;Tervezd meg saj\u00e1t 3D medenc\u00e9d p\u00e1r perc alatt! Online konfigur\u00e1torunkkal kiv\u00e1laszthatod a form\u00e1t, burkolatot \u00e9s extr\u00e1kat, majd k\u00e9rhetsz aj\u00e1nlatot.Your content goes here. Edit or remove this text inline or in the module Content settings. You can also style every aspect of this content in the module Design [&hellip;]<\/p>\n","protected":false},"author":1,"featured_media":0,"parent":0,"menu_order":0,"comment_status":"closed","ping_status":"closed","template":"page-template-blank.php","meta":{"_et_pb_use_builder":"on","_et_pb_old_content":"<!-- wp:paragraph -->\n<p>This is an example page. It's different from a blog post because it will stay in one place and will show up in your site navigation (in most themes). Most people start with an About page that introduces them to potential site visitors. It might say something like this:<\/p>\n<!-- \/wp:paragraph -->\n\n<!-- wp:quote -->\n<blockquote class=\"wp-block-quote\">\n<!-- wp:paragraph -->\n<p>Hi there! I'm a bike messenger by day, aspiring actor by night, and this is my website. I live in Los Angeles, have a great dog named Jack, and I like pi&#241;a coladas. (And gettin' caught in the rain.)<\/p>\n<!-- \/wp:paragraph -->\n<\/blockquote>\n<!-- \/wp:quote -->\n\n<!-- wp:paragraph -->\n<p>...or something like this:<\/p>\n<!-- \/wp:paragraph -->\n\n<!-- wp:quote -->\n<blockquote class=\"wp-block-quote\">\n<!-- wp:paragraph -->\n<p>The XYZ Doohickey Company was founded in 1971, and has been providing quality doohickeys to the public ever since. Located in Gotham City, XYZ employs over 2,000 people and does all kinds of awesome things for the Gotham community.<\/p>\n<!-- \/wp:paragraph -->\n<\/blockquote>\n<!-- \/wp:quote -->\n\n<!-- wp:paragraph -->\n<p>As a new WordPress user, you should go to <a href=\"https:\/\/medencetervezo.hu\/wp-admin\/\">your dashboard<\/a> to delete this page and create new pages for your content. Have fun!<\/p>\n<!-- \/wp:paragraph -->","_et_gb_content_width":"","footnotes":""},"class_list":["post-2","page","type-page","status-publish","hentry"],"yoast_head":"<!-- This site is optimized with the Yoast SEO plugin v26.6 - https:\/\/yoast.com\/wordpress\/plugins\/seo\/ -->\n<title>F\u0151oldal - Medence tervez\u0151<\/title>\n<meta name=\"robots\" content=\"index, follow, max-snippet:-1, max-image-preview:large, max-video-preview:-1\" \/>\n<link rel=\"canonical\" href=\"https:\/\/medencetervezo.hu\/\" \/>\n<meta property=\"og:locale\" content=\"hu_HU\" \/>\n<meta property=\"og:type\" content=\"article\" \/>\n<meta property=\"og:title\" content=\"F\u0151oldal - Medence tervez\u0151\" \/>\n<meta property=\"og:description\" content=\"TE MEG\u00c1LMODOD A T\u00d6K\u00c9LETES MEDENC\u00c9T. MI VAL\u00d3RA V\u00c1LTJUK. &nbsp;Tervezd meg saj\u00e1t 3D medenc\u00e9d p\u00e1r perc alatt! Online konfigur\u00e1torunkkal kiv\u00e1laszthatod a form\u00e1t, burkolatot \u00e9s extr\u00e1kat, majd k\u00e9rhetsz aj\u00e1nlatot.Your content goes here. Edit or remove this text inline or in the module Content settings. You can also style every aspect of this content in the module Design [&hellip;]\" \/>\n<meta property=\"og:url\" content=\"https:\/\/medencetervezo.hu\/\" \/>\n<meta property=\"og:site_name\" content=\"Medence tervez\u0151\" \/>\n<meta property=\"article:modified_time\" content=\"2025-12-28T17:23:46+00:00\" \/>\n<meta name=\"twitter:card\" content=\"summary_large_image\" \/>\n<meta name=\"twitter:label1\" content=\"Becs\u00fclt olvas\u00e1si id\u0151\" \/>\n\t<meta name=\"twitter:data1\" content=\"1 perc\" \/>\n<script type=\"application\/ld+json\" class=\"yoast-schema-graph\">{\"@context\":\"https:\/\/schema.org\",\"@graph\":[{\"@type\":\"WebPage\",\"@id\":\"https:\/\/medencetervezo.hu\/\",\"url\":\"https:\/\/medencetervezo.hu\/\",\"name\":\"F\u0151oldal - Medence tervez\u0151\",\"isPartOf\":{\"@id\":\"https:\/\/medencetervezo.hu\/#website\"},\"datePublished\":\"2025-12-27T16:07:26+00:00\",\"dateModified\":\"2025-12-28T17:23:46+00:00\",\"breadcrumb\":{\"@id\":\"https:\/\/medencetervezo.hu\/#breadcrumb\"},\"inLanguage\":\"hu\",\"potentialAction\":[{\"@type\":\"ReadAction\",\"target\":[\"https:\/\/medencetervezo.hu\/\"]}]},{\"@type\":\"BreadcrumbList\",\"@id\":\"https:\/\/medencetervezo.hu\/#breadcrumb\",\"itemListElement\":[{\"@type\":\"ListItem\",\"position\":1,\"name\":\"Home\",\"item\":\"https:\/\/medencetervezo.hu\/\"},{\"@type\":\"ListItem\",\"position\":2,\"name\":\"F\u0151oldal\"}]},{\"@type\":\"WebSite\",\"@id\":\"https:\/\/medencetervezo.hu\/#website\",\"url\":\"https:\/\/medencetervezo.hu\/\",\"name\":\"Medence tervez\u0151\",\"description\":\"\",\"potentialAction\":[{\"@type\":\"SearchAction\",\"target\":{\"@type\":\"EntryPoint\",\"urlTemplate\":\"https:\/\/medencetervezo.hu\/?s={search_term_string}\"},\"query-input\":{\"@type\":\"PropertyValueSpecification\",\"valueRequired\":true,\"valueName\":\"search_term_string\"}}],\"inLanguage\":\"hu\"}]}<\/script>\n<!-- \/ Yoast SEO plugin. -->","yoast_head_json":{"title":"F\u0151oldal - Medence tervez\u0151","robots":{"index":"index","follow":"follow","max-snippet":"max-snippet:-1","max-image-preview":"max-image-preview:large","max-video-preview":"max-video-preview:-1"},"canonical":"https:\/\/medencetervezo.hu\/","og_locale":"hu_HU","og_type":"article","og_title":"F\u0151oldal - Medence tervez\u0151","og_description":"TE MEG\u00c1LMODOD A T\u00d6K\u00c9LETES MEDENC\u00c9T. MI VAL\u00d3RA V\u00c1LTJUK. &nbsp;Tervezd meg saj\u00e1t 3D medenc\u00e9d p\u00e1r perc alatt! Online konfigur\u00e1torunkkal kiv\u00e1laszthatod a form\u00e1t, burkolatot \u00e9s extr\u00e1kat, majd k\u00e9rhetsz aj\u00e1nlatot.Your content goes here. Edit or remove this text inline or in the module Content settings. You can also style every aspect of this content in the module Design [&hellip;]","og_url":"https:\/\/medencetervezo.hu\/","og_site_name":"Medence tervez\u0151","article_modified_time":"2025-12-28T17:23:46+00:00","twitter_card":"summary_large_image","twitter_misc":{"Becs\u00fclt olvas\u00e1si id\u0151":"1 perc"},"schema":{"@context":"https:\/\/schema.org","@graph":[{"@type":"WebPage","@id":"https:\/\/medencetervezo.hu\/","url":"https:\/\/medencetervezo.hu\/","name":"F\u0151oldal - Medence tervez\u0151","isPartOf":{"@id":"https:\/\/medencetervezo.hu\/#website"},"datePublished":"2025-12-27T16:07:26+00:00","dateModified":"2025-12-28T17:23:46+00:00","breadcrumb":{"@id":"https:\/\/medencetervezo.hu\/#breadcrumb"},"inLanguage":"hu","potentialAction":[{"@type":"ReadAction","target":["https:\/\/medencetervezo.hu\/"]}]},{"@type":"BreadcrumbList","@id":"https:\/\/medencetervezo.hu\/#breadcrumb","itemListElement":[{"@type":"ListItem","position":1,"name":"Home","item":"https:\/\/medencetervezo.hu\/"},{"@type":"ListItem","position":2,"name":"F\u0151oldal"}]},{"@type":"WebSite","@id":"https:\/\/medencetervezo.hu\/#website","url":"https:\/\/medencetervezo.hu\/","name":"Medence tervez\u0151","description":"","potentialAction":[{"@type":"SearchAction","target":{"@type":"EntryPoint","urlTemplate":"https:\/\/medencetervezo.hu\/?s={search_term_string}"},"query-input":{"@type":"PropertyValueSpecification","valueRequired":true,"valueName":"search_term_string"}}],"inLanguage":"hu"}]}},"_links":{"self":[{"href":"https:\/\/medencetervezo.hu\/index.php?rest_route=\/wp\/v2\/pages\/2","targetHints":{"allow":["GET"]}}],"collection":[{"href":"https:\/\/medencetervezo.hu\/index.php?rest_route=\/wp\/v2\/pages"}],"about":[{"href":"https:\/\/medencetervezo.hu\/index.php?rest_route=\/wp\/v2\/types\/page"}],"author":[{"embeddable":true,"href":"https:\/\/medencetervezo.hu\/index.php?rest_route=\/wp\/v2\/users\/1"}],"replies":[{"embeddable":true,"href":"https:\/\/medencetervezo.hu\/index.php?rest_route=%2Fwp%2Fv2%2Fcomments&post=2"}],"version-history":[{"count":26,"href":"https:\/\/medencetervezo.hu\/index.php?rest_route=\/wp\/v2\/pages\/2\/revisions"}],"predecessor-version":[{"id":49,"href":"https:\/\/medencetervezo.hu\/index.php?rest_route=\/wp\/v2\/pages\/2\/revisions\/49"}],"wp:attachment":[{"href":"https:\/\/medencetervezo.hu\/index.php?rest_route=%2Fwp%2Fv2%2Fmedia&parent=2"}],"curies":[{"name":"wp","href":"https:\/\/api.w.org\/{rel}","templated":true}]}}